{"id":1544,"date":"2021-11-16T23:13:24","date_gmt":"2021-11-16T23:13:24","guid":{"rendered":"https:\/\/pruebaagenciamarketing.com\/demo2\/?page_id=1544"},"modified":"2025-08-26T20:25:13","modified_gmt":"2025-08-26T20:25:13","slug":"operador-en-gestion","status":"publish","type":"page","link":"https:\/\/redqualitastarariras.edu.uy\/index.php\/operador-en-gestion\/","title":{"rendered":"operador-en-gestion"},"content":{"rendered":"\t\t<div data-elementor-type=\"wp-page\" data-elementor-id=\"1544\" class=\"elementor elementor-1544\" data-elementor-post-type=\"page\">\n\t\t\t\t\t\t<section class=\"elementor-section elementor-top-section elementor-element elementor-element-d6632e3 elementor-section-boxed elementor-section-height-default elementor-section-height-default\" data-id=\"d6632e3\" data-element_type=\"section\" data-e-type=\"section\">\n\t\t\t\t\t\t<div class=\"elementor-container elementor-column-gap-default\">\n\t\t\t\t\t<div class=\"elementor-column elementor-col-100 elementor-top-column elementor-element elementor-element-a777632\" data-id=\"a777632\" data-element_type=\"column\" data-e-type=\"column\">\n\t\t\t<div class=\"elementor-widget-wrap elementor-element-populated\">\n\t\t\t\t\t\t<div class=\"elementor-element elementor-element-7c80ca1 elementor-headline--style-highlight elementor-widget elementor-widget-animated-headline\" data-id=\"7c80ca1\" data-element_type=\"widget\" data-e-type=\"widget\" data-settings=\"{&quot;marker&quot;:&quot;underline&quot;,&quot;highlighted_text&quot;:&quot; Nuevo 2026&quot;,&quot;headline_style&quot;:&quot;highlight&quot;,&quot;loop&quot;:&quot;yes&quot;,&quot;highlight_animation_duration&quot;:1200,&quot;highlight_iteration_delay&quot;:8000}\" data-widget_type=\"animated-headline.default\">\n\t\t\t\t<div class=\"elementor-widget-container\">\n\t\t\t\t\t\t\t<h3 class=\"elementor-headline\">\n\t\t\t\t\t<span class=\"elementor-headline-plain-text elementor-headline-text-wrapper\">Operador en Gesti\u00f3n - INFOGESTION-E-Factura - <\/span>\n\t\t\t\t<span class=\"elementor-headline-dynamic-wrapper elementor-headline-text-wrapper\">\n\t\t\t\t\t<span class=\"elementor-headline-dynamic-text elementor-headline-text-active\"> Nuevo 2026<\/span>\n\t\t\t\t<\/span>\n\t\t\t\t<\/h3>\n\t\t\t\t\t\t<\/div>\n\t\t\t\t<\/div>\n\t\t\t\t\t<\/div>\n\t\t<\/div>\n\t\t\t\t\t<\/div>\n\t\t<\/section>\n\t\t\t\t<section class=\"elementor-section elementor-top-section elementor-element elementor-element-5ec6eb7 elementor-section-boxed elementor-section-height-default elementor-section-height-default\" data-id=\"5ec6eb7\" data-element_type=\"section\" data-e-type=\"section\">\n\t\t\t\t\t\t<div class=\"elementor-container elementor-column-gap-default\">\n\t\t\t\t\t<div class=\"elementor-column elementor-col-66 elementor-top-column elementor-element elementor-element-a988423 elementor-invisible\" data-id=\"a988423\" data-element_type=\"column\" data-e-type=\"column\" data-settings=\"{&quot;animation&quot;:&quot;bounceIn&quot;}\">\n\t\t\t<div class=\"elementor-widget-wrap elementor-element-populated\">\n\t\t\t\t\t\t<div class=\"elementor-element elementor-element-39a9ffe elementor-widget elementor-widget-text-editor\" data-id=\"39a9ffe\" data-element_type=\"widget\" data-e-type=\"widget\" data-widget_type=\"text-editor.default\">\n\t\t\t\t<div class=\"elementor-widget-container\">\n\t\t\t\t\t\t\t\t\t<h2><strong>SOLICITUD DE BECAS ESPECIALES.-\u00a0<\/strong><\/h2><h2><strong>(solicitarlas personalmente con C.I. en RedQUALITAS Tarariras)<\/strong><\/h2><p><strong>Curso Presencial en QRT Tarariras, con todos los Protocolos disponibles.<\/strong><\/p><h2><strong>Operaci\u00f3n en INFOGESTION Pymes 2026:<\/strong><\/h2><h3><strong>INFOGESTION,<\/strong>\u00a0es la m\u00e1s completa y moderna soluci\u00f3n para la Gesti\u00f3n de su Empresa.<\/h3><p><strong>INFOGESTION<\/strong>, es un sistema \u00e1gil, seguro y sencillo, orientado a resolver la gesti\u00f3n comercial<\/p><p>de la empresa, permitiendo al mismo tiempo ejercer un control efectivo de toda la operativa contable\u00a0<span style=\"font-size: 1rem;\">y administrativa de la empresa.<\/span><\/p><p>ahora con su nuevo Programa de Estudios:<\/p><p>\u00a0<strong>Orientado a:\u00a0\u00a0\u00a0<\/strong>Estudiantes y personas que deseen insertarse en empresas actuales con la din\u00e1mica<\/p><p>\u00a0y exigencia que ello implica para el mercado laboral. La Gesti\u00f3n, los Recursos Humanos, los avances\u00a0<span style=\"font-size: 1rem;\">tecnol\u00f3gicos y operativos en la Gesti\u00f3n (e-factura), los nuevos cambios en Impuestos, en la Contabilidad\u00a0<\/span><span style=\"font-size: 1rem;\">y las nuevas plataformas\u00a0de los Sistemas Contables, todo esto incluye el Curso de Administraci\u00f3n de\u00a0<\/span><span style=\"font-size: 1rem;\">RedQUALITAS.<\/span><\/p><p>\u00a0<strong>Durante el Curso participar\u00e1s de los siguientes m\u00f3dulos:<\/strong><\/p><ul><li><p>GESTI\u00d3N INFOGESION I &#8211;\u00a0 Gesti\u00f3n Comercial.<\/p><\/li><li><p>GESTI\u00d3N INFOGESTION II &#8211;\u00a0 Gesti\u00f3n Financiera &amp; Contable.<\/p><\/li><li><p>OPERADOR INFOGESTI\u00d3N III &#8211; E-FACTURA (Facturaci\u00f3n Electr\u00f3nica).\u00a0<\/p><\/li><\/ul><p>________________________________________________________________________\u00a0<\/p><p>\u00a0<strong>Duraci\u00f3n:\u00a02 Meses.<\/strong>\u00a0<\/p><p><strong>Carga Horaria:<\/strong>\u00a0<strong>\u00a0Horas Te\u00f3ricas\/Pr\u00e1cticas: 30 horas Reloj.<\/strong><\/p><p>\u00a0<strong>\u00a0 \u00a0 \u00a0 \u00a0 \u00a0 \u00a0 \u00a0 \u00a0 \u00a0 \u00a0 \u00a0 \u00a0 \u00a0Horas Pr\u00e1cticas: 12 horas Reloj.<\/strong><\/p><p><strong>\u00a0\u00a0Incluye:\u00a0<\/strong><\/p><ul><li><p><strong>Clase a Clase &#8211;\u00a0Manuales de Apoyo.-<\/strong><\/p><\/li><li><p><strong>Ejercicios Pr\u00e1cticos (m\u00e1s de 20 Ejercicios Pr\u00e1cticos en todos sus m\u00f3dulos).<\/strong><\/p><\/li><\/ul><h3>Evaluaciones:<\/h3><ul><li><p><strong>Evaluaci\u00f3n Parcial\u00a0 al final del M\u00f3dulo (Te\u00f3rico-Pr\u00e1ctico).<\/strong><\/p><\/li><\/ul><p><strong>Certificaci\u00f3n:\u00a0<\/strong>\u00a0\u00a0<strong>Certificaci\u00f3n QRT RedQUALITAS.<\/strong><\/p><p>Por mayor informaci\u00f3n, los\u00a0esperamos con gusto en nuestra Instituci\u00f3n, y as\u00ed pueden integrar los\u00a0<span style=\"color: var( --e-global-color-text ); font-family: var( --e-global-typography-text-font-family ), Sans-serif; font-weight: var( --e-global-typography-text-font-weight ); font-size: 1rem;\">diferentes grupos que dar\u00e1n comienzo a partir de\u00a0 FEBRERO y MARZO de 2026.-<\/span><\/p><h4><strong>\u00a0<\/strong><strong>I N S C R I P C I O N E S\u00a0 \u00a0 A B I E R T A S\u00a0 !!!\u00a0 (Cupos limitados).<\/strong><\/h4>\t\t\t\t\t\t\t\t<\/div>\n\t\t\t\t<\/div>\n\t\t\t\t\t<\/div>\n\t\t<\/div>\n\t\t\t\t<div class=\"elementor-column elementor-col-33 elementor-top-column elementor-element elementor-element-6870cc6\" data-id=\"6870cc6\" data-element_type=\"column\" data-e-type=\"column\">\n\t\t\t<div class=\"elementor-widget-wrap elementor-element-populated\">\n\t\t\t\t\t\t<div class=\"elementor-element elementor-element-a9e719f elementor-invisible elementor-widget elementor-widget-image\" data-id=\"a9e719f\" data-element_type=\"widget\" data-e-type=\"widget\" data-settings=\"{&quot;motion_fx_motion_fx_mouse&quot;:&quot;yes&quot;,&quot;_animation&quot;:&quot;fadeInDown&quot;,&quot;_animation_delay&quot;:900}\" data-widget_type=\"image.default\">\n\t\t\t\t<div class=\"elementor-widget-container\">\n\t\t\t\t\t\t\t\t\t\t\t\t\t\t\t<img decoding=\"async\" src=\"https:\/\/redqualitastarariras.edu.uy\/wp-content\/uploads\/2023\/01\/d1.jpg\" title=\"d1\" alt=\"d1\" loading=\"lazy\" \/>\t\t\t\t\t\t\t\t\t\t\t\t\t\t\t<\/div>\n\t\t\t\t<\/div>\n\t\t\t\t\t<\/div>\n\t\t<\/div>\n\t\t\t\t\t<\/div>\n\t\t<\/section>\n\t\t\t\t<\/div>\n\t\t","protected":false},"excerpt":{"rendered":"<p>Operador en Gesti\u00f3n &#8211; INFOGESTION-E-Factura &#8211; Nuevo 2026 SOLICITUD DE BECAS ESPECIALES.-\u00a0 (solicitarlas personalmente con C.I. en RedQUALITAS Tarariras) Curso Presencial en QRT Tarariras, con todos los Protocolos disponibles. Operaci\u00f3n en INFOGESTION Pymes 2026: INFOGESTION,\u00a0es la m\u00e1s completa y moderna soluci\u00f3n para la Gesti\u00f3n de su Empresa. INFOGESTION, es un sistema \u00e1gil, seguro y sencillo, [&hellip;]<\/p>\n","protected":false},"author":1,"featured_media":0,"parent":0,"menu_order":0,"comment_status":"closed","ping_status":"closed","template":"","meta":{"footnotes":""},"class_list":["post-1544","page","type-page","status-publish","hentry"],"_links":{"self":[{"href":"https:\/\/redqualitastarariras.edu.uy\/index.php\/wp-json\/wp\/v2\/pages\/1544","targetHints":{"allow":["GET"]}}],"collection":[{"href":"https:\/\/redqualitastarariras.edu.uy\/index.php\/wp-json\/wp\/v2\/pages"}],"about":[{"href":"https:\/\/redqualitastarariras.edu.uy\/index.php\/wp-json\/wp\/v2\/types\/page"}],"author":[{"embeddable":true,"href":"https:\/\/redqualitastarariras.edu.uy\/index.php\/wp-json\/wp\/v2\/users\/1"}],"replies":[{"embeddable":true,"href":"https:\/\/redqualitastarariras.edu.uy\/index.php\/wp-json\/wp\/v2\/comments?post=1544"}],"version-history":[{"count":66,"href":"https:\/\/redqualitastarariras.edu.uy\/index.php\/wp-json\/wp\/v2\/pages\/1544\/revisions"}],"predecessor-version":[{"id":3293,"href":"https:\/\/redqualitastarariras.edu.uy\/index.php\/wp-json\/wp\/v2\/pages\/1544\/revisions\/3293"}],"wp:attachment":[{"href":"https:\/\/redqualitastarariras.edu.uy\/index.php\/wp-json\/wp\/v2\/media?parent=1544"}],"curies":[{"name":"wp","href":"https:\/\/api.w.org\/{rel}","templated":true}]}}