{"id":1963,"date":"2022-05-23T22:49:50","date_gmt":"2022-05-23T22:49:50","guid":{"rendered":"https:\/\/pruebaagenciamarketing.com\/demo7\/?page_id=1963"},"modified":"2025-08-26T20:20:39","modified_gmt":"2025-08-26T20:20:39","slug":"operador-en-programacion","status":"publish","type":"page","link":"https:\/\/redqualitastarariras.edu.uy\/index.php\/operador-en-programacion\/","title":{"rendered":"operador-en-programacion"},"content":{"rendered":"\t\t<div data-elementor-type=\"wp-page\" data-elementor-id=\"1963\" class=\"elementor elementor-1963\" data-elementor-post-type=\"page\">\n\t\t\t\t\t\t<section class=\"elementor-section elementor-top-section elementor-element elementor-element-0fc3ab4 elementor-section-boxed elementor-section-height-default elementor-section-height-default\" data-id=\"0fc3ab4\" data-element_type=\"section\" data-e-type=\"section\">\n\t\t\t\t\t\t<div class=\"elementor-container elementor-column-gap-default\">\n\t\t\t\t\t<div class=\"elementor-column elementor-col-100 elementor-top-column elementor-element elementor-element-ee1ac0b\" data-id=\"ee1ac0b\" data-element_type=\"column\" data-e-type=\"column\">\n\t\t\t<div class=\"elementor-widget-wrap elementor-element-populated\">\n\t\t\t\t\t\t<div class=\"elementor-element elementor-element-8f7a96d elementor-headline--style-highlight elementor-widget elementor-widget-animated-headline\" data-id=\"8f7a96d\" data-element_type=\"widget\" data-e-type=\"widget\" data-settings=\"{&quot;marker&quot;:&quot;underline&quot;,&quot;highlighted_text&quot;:&quot;Nuevo 2026&quot;,&quot;headline_style&quot;:&quot;highlight&quot;,&quot;loop&quot;:&quot;yes&quot;,&quot;highlight_animation_duration&quot;:1200,&quot;highlight_iteration_delay&quot;:8000}\" data-widget_type=\"animated-headline.default\">\n\t\t\t\t<div class=\"elementor-widget-container\">\n\t\t\t\t\t\t\t<h3 class=\"elementor-headline\">\n\t\t\t\t\t<span class=\"elementor-headline-plain-text elementor-headline-text-wrapper\">Programaci\u00f3n Experto -Teens - <\/span>\n\t\t\t\t<span class=\"elementor-headline-dynamic-wrapper elementor-headline-text-wrapper\">\n\t\t\t\t\t<span class=\"elementor-headline-dynamic-text elementor-headline-text-active\">Nuevo 2026<\/span>\n\t\t\t\t<\/span>\n\t\t\t\t<\/h3>\n\t\t\t\t\t\t<\/div>\n\t\t\t\t<\/div>\n\t\t\t\t\t<\/div>\n\t\t<\/div>\n\t\t\t\t\t<\/div>\n\t\t<\/section>\n\t\t\t\t<section class=\"elementor-section elementor-top-section elementor-element elementor-element-4c063f1 elementor-section-boxed elementor-section-height-default elementor-section-height-default\" data-id=\"4c063f1\" data-element_type=\"section\" data-e-type=\"section\">\n\t\t\t\t\t\t<div class=\"elementor-container elementor-column-gap-default\">\n\t\t\t\t\t<div class=\"elementor-column elementor-col-66 elementor-top-column elementor-element elementor-element-ae8eeb2 elementor-invisible\" data-id=\"ae8eeb2\" data-element_type=\"column\" data-e-type=\"column\" data-settings=\"{&quot;animation&quot;:&quot;bounceIn&quot;}\">\n\t\t\t<div class=\"elementor-widget-wrap elementor-element-populated\">\n\t\t\t\t\t\t<div class=\"elementor-element elementor-element-f3845a2 elementor-widget__width-initial elementor-widget elementor-widget-text-editor\" data-id=\"f3845a2\" data-element_type=\"widget\" data-e-type=\"widget\" data-widget_type=\"text-editor.default\">\n\t\t\t\t<div class=\"elementor-widget-container\">\n\t\t\t\t\t\t\t\t\t<ul>\n<li>\n<h2>Operador en Programaci\u00f3n Multiplataforma 2026.<\/h2>\n<\/li>\n<\/ul>\n<ul>\n<li>\n<h2>Experto en Programaci\u00f3n QRT 2026&nbsp; NUEVO<\/h2>\n<\/li>\n<li>\n<h2>Operador en Programaci\u00f3n y Rob\u00f3tica.&nbsp;<\/h2>\n<\/li>\n<\/ul>\n<h2><strong>SOLICITUD DE BECAS ESPECIALES .-<\/strong><\/h2>\n<p>&nbsp;&#8211; Beneficios para Liceales &#8211;<\/p>\n<h3><strong>(solicitarlas personalmente con C.I. en RedQUALITAS Tarariras)<\/strong><\/h3>\n<h3><strong>Curso Presencial en QRT Tarariras, con todos los Protocolos disponibles.<\/strong><\/h3>\n<p>&nbsp;Enfocarte en diferentes Lenguajes de Programaci\u00f3n.&nbsp;Aprender todo lo necesario de \u00e9l.<\/p>\n<p>Convertirte en un especialista en el manejo de la Programaci\u00f3n bajo Plataformas.<\/p>\n<p><strong>ahora con su nuevo Programa de Estudios:<\/strong><\/p>\n<p><strong>Objetivo:&nbsp;<\/strong>Todo se mueve en un ambiente de lenguajes. El Curso le permite al Alumno a capacitarse<\/p>\n<p>en diferentes lenguajes, y as\u00ed formar Programadores, teniendo su primera experiencia como estudiantes&nbsp;<span style=\"font-size: 1rem;\">de Programaci\u00f3n, y tambi\u00e9n definir la orientaci\u00f3n a Programadores a que continuar\u00e1n con una Carrera terciaria y&nbsp;<\/span><span style=\"font-size: 1rem;\">as\u00ed experimentar y desarrollar una Carrera muy pero muy linda.<\/span><\/p>\n<p>&nbsp;<strong>Durante el Curso participar\u00e1s de los siguientes m\u00f3dulos :<\/strong><\/p>\n<ul>\n<li>\n<h4>SEMESTRE I:&nbsp;&nbsp;<strong>PROGRAMACI\u00d3N I.&nbsp; (Operaci\u00f3n en Lenguaje I).<\/strong><\/h4>\n<\/li>\n<li>\n<h4>SEMESTRE II:&nbsp; PROGRAMACI\u00d3N II. (Lenguaje + Base de Datos).<\/h4>\n<\/li>\n<li>\n<h4>SEMESTRE III: PROGRAMACI\u00d3N III. (Desarrollo Avanzado QRT)<\/h4>\n<h3>&nbsp;________________________________________________________________<\/h3>\n<\/li>\n<\/ul>\n<p>&nbsp;<strong>Duraci\u00f3n:&nbsp;1 A\u00f1o.&nbsp; &nbsp; &nbsp;Opcional: 3er. Semestre.<\/strong><\/p>\n<p><strong>Carga Horaria:<\/strong>&nbsp;<strong>&nbsp;Horas Te\u00f3ricas\/Pr\u00e1cticas: 140 horas Reloj.<\/strong><\/p>\n<p>&nbsp;<strong>&nbsp; &nbsp; &nbsp; &nbsp; &nbsp; &nbsp; &nbsp; &nbsp; &nbsp; &nbsp; &nbsp; &nbsp; &nbsp;Horas Pr\u00e1cticas:&nbsp; 52 horas Reloj.<\/strong>&nbsp;<\/p>\n<h3>&nbsp;Incluye:&nbsp;&nbsp;<\/h3>\n<ul>\n<li>\n<p><strong>3 M\u00f3dulos&nbsp; Clase a Clase.<\/strong><\/p>\n<\/li>\n<li>\n<p><strong>Clase a Clase &#8211;<\/strong><\/p>\n<\/li>\n<li>\n<p><strong>Ejercicios Pr\u00e1cticos (m\u00e1s de 70 Ejercicios Pr\u00e1cticos en todos sus m\u00f3dulos).<\/strong><\/p>\n<\/li>\n<\/ul>\n<h3>Evaluaciones:&nbsp;&nbsp;<\/h3>\n<ul>\n<li>\n<p><strong>Evaluaci\u00f3n Parcial Integrador por cada M\u00f3dulo (Te\u00f3rico-Pr\u00e1ctico).<\/strong><\/p>\n<\/li>\n<\/ul>\n<p><strong>&nbsp;Certificaci\u00f3n:&nbsp;<\/strong>&nbsp;&nbsp;<strong>Certificaci\u00f3n QRT RedQUALITAS.<\/strong><\/p>\n<p><strong>COMIENZOS:&nbsp; <\/strong>MARZO y ABRIL<strong>&nbsp;<\/strong>de 2026.-&nbsp; (CUPOS LIMITADOS)&nbsp;<\/p>\n<p>&nbsp;Por mayor informaci\u00f3n, los&nbsp;esperamos con gusto en nuestra Instituci\u00f3n, y as\u00ed pueden integrar los<\/p>\n<p>&nbsp;diferentes grupos que dar\u00e1n comienzo a partir de&nbsp; MARZO 2025.-<\/p>\n<h2>&nbsp;I N S C R I P C I O N E S&nbsp; &nbsp; &nbsp;A B I E R T A S&nbsp; !!! desde Noviembre 2025.-&nbsp; (Cupos limitados).<\/h2>\t\t\t\t\t\t\t\t<\/div>\n\t\t\t\t<\/div>\n\t\t\t\t\t<\/div>\n\t\t<\/div>\n\t\t\t\t<div class=\"elementor-column elementor-col-33 elementor-top-column elementor-element elementor-element-11491c9\" data-id=\"11491c9\" data-element_type=\"column\" data-e-type=\"column\">\n\t\t\t<div class=\"elementor-widget-wrap elementor-element-populated\">\n\t\t\t\t\t\t<div class=\"elementor-element elementor-element-e7d31e0 elementor-invisible elementor-widget elementor-widget-image\" data-id=\"e7d31e0\" data-element_type=\"widget\" data-e-type=\"widget\" data-settings=\"{&quot;motion_fx_motion_fx_mouse&quot;:&quot;yes&quot;,&quot;_animation&quot;:&quot;fadeInDown&quot;,&quot;_animation_delay&quot;:900}\" data-widget_type=\"image.default\">\n\t\t\t\t<div class=\"elementor-widget-container\">\n\t\t\t\t\t\t\t\t\t\t\t\t\t\t\t<img decoding=\"async\" src=\"https:\/\/redqualitastarariras.edu.uy\/wp-content\/uploads\/2023\/01\/a8.jpg\" title=\"a8\" alt=\"a8\" loading=\"lazy\" \/>\t\t\t\t\t\t\t\t\t\t\t\t\t\t\t<\/div>\n\t\t\t\t<\/div>\n\t\t\t\t\t<\/div>\n\t\t<\/div>\n\t\t\t\t\t<\/div>\n\t\t<\/section>\n\t\t\t\t<\/div>\n\t\t","protected":false},"excerpt":{"rendered":"<p>Programaci\u00f3n Experto -Teens &#8211; Nuevo 2026 Operador en Programaci\u00f3n Multiplataforma 2026. Experto en Programaci\u00f3n QRT 2026&nbsp; NUEVO Operador en Programaci\u00f3n y Rob\u00f3tica.&nbsp; SOLICITUD DE BECAS ESPECIALES .- &nbsp;&#8211; Beneficios para Liceales &#8211; (solicitarlas personalmente con C.I. en RedQUALITAS Tarariras) Curso Presencial en QRT Tarariras, con todos los Protocolos disponibles. &nbsp;Enfocarte en diferentes Lenguajes de Programaci\u00f3n.&nbsp;Aprender [&hellip;]<\/p>\n","protected":false},"author":1,"featured_media":0,"parent":0,"menu_order":0,"comment_status":"closed","ping_status":"closed","template":"","meta":{"footnotes":""},"class_list":["post-1963","page","type-page","status-publish","hentry"],"_links":{"self":[{"href":"https:\/\/redqualitastarariras.edu.uy\/index.php\/wp-json\/wp\/v2\/pages\/1963","targetHints":{"allow":["GET"]}}],"collection":[{"href":"https:\/\/redqualitastarariras.edu.uy\/index.php\/wp-json\/wp\/v2\/pages"}],"about":[{"href":"https:\/\/redqualitastarariras.edu.uy\/index.php\/wp-json\/wp\/v2\/types\/page"}],"author":[{"embeddable":true,"href":"https:\/\/redqualitastarariras.edu.uy\/index.php\/wp-json\/wp\/v2\/users\/1"}],"replies":[{"embeddable":true,"href":"https:\/\/redqualitastarariras.edu.uy\/index.php\/wp-json\/wp\/v2\/comments?post=1963"}],"version-history":[{"count":30,"href":"https:\/\/redqualitastarariras.edu.uy\/index.php\/wp-json\/wp\/v2\/pages\/1963\/revisions"}],"predecessor-version":[{"id":3284,"href":"https:\/\/redqualitastarariras.edu.uy\/index.php\/wp-json\/wp\/v2\/pages\/1963\/revisions\/3284"}],"wp:attachment":[{"href":"https:\/\/redqualitastarariras.edu.uy\/index.php\/wp-json\/wp\/v2\/media?parent=1963"}],"curies":[{"name":"wp","href":"https:\/\/api.w.org\/{rel}","templated":true}]}}